{"id":1270,"date":"2024-02-06T23:29:12","date_gmt":"2024-02-06T23:29:12","guid":{"rendered":"http:\/\/23.20.55.113\/?page_id=1270"},"modified":"2024-08-03T21:22:57","modified_gmt":"2024-08-03T21:22:57","slug":"la-datte","status":"publish","type":"page","link":"https:\/\/mydatte.com\/en\/la-datte\/","title":{"rendered":"The date"},"content":{"rendered":"<div data-elementor-type=\"wp-page\" data-elementor-id=\"1270\" class=\"elementor elementor-1270\">\n\t\t\t\t<div class=\"elementor-element elementor-element-2476639  ui-fluid-animation-2 e-flex e-con-boxed e-con e-parent\" data-id=\"2476639\" data-element_type=\"container\" data-e-type=\"container\" data-settings=\"{&quot;background_background&quot;:&quot;classic&quot;,&quot;section_fluid_on&quot;:&quot;yes&quot;,&quot;uicore_fluid_animation&quot;:&quot;ui-fluid-animation-2&quot;}\">\n\t\t\t\t\t<div class=\"e-con-inner\">\n\t\t<div class=\"elementor-element elementor-element-be8554e e-con-full e-flex e-con e-child\" data-id=\"be8554e\" data-element_type=\"container\" data-e-type=\"container\">\n\t\t\t\t<div class=\"elementor-element elementor-element-5ff2f58  ui-split-animate elementor-widget__width-initial ui-splitby-chars elementor-widget elementor-widget-heading\" data-id=\"5ff2f58\" data-element_type=\"widget\" data-e-type=\"widget\" data-settings=\"{&quot;ui_animate_split&quot;:&quot;ui-split-animate&quot;,&quot;ui_animate_split_style&quot;:&quot;fadeIn&quot;,&quot;ui_animate_split_by&quot;:&quot;chars&quot;}\" data-widget_type=\"heading.default\">\n\t\t\t\t<div class=\"elementor-widget-container\">\n\t\t\t\t\t<h2 class=\"elementor-heading-title elementor-size-default\">The Organic Date, <br>\nAlgerian Deglet Nour<\/h2>\t\t\t\t<\/div>\n\t\t\t\t<\/div>\n\t\t\t\t<\/div>\n\t\t\t\t\t<\/div>\n\t\t\t\t<\/div>\n\t\t\t\t<section class=\"elementor-section elementor-top-section elementor-element elementor-element-926ccef elementor-reverse-mobile elementor-section-boxed elementor-section-height-default elementor-section-height-default\" data-id=\"926ccef\" data-element_type=\"section\" data-e-type=\"section\" id=\"next\" data-settings=\"{&quot;background_background&quot;:&quot;classic&quot;}\">\n\t\t\t\t\t\t<div class=\"elementor-container elementor-column-gap-default\">\n\t\t\t\t\t<div class=\"elementor-column elementor-col-100 elementor-top-column elementor-element elementor-element-3befe42 animated-slow\" data-id=\"3befe42\" data-element_type=\"column\" data-e-type=\"column\" data-settings=\"{&quot;animation&quot;:&quot;none&quot;,&quot;animation_delay&quot;:200}\">\n\t\t\t<div class=\"elementor-widget-wrap elementor-element-populated\">\n\t\t\t\t\t\t<div class=\"elementor-element elementor-element-e308db0 elementor-widget elementor-widget-spacer\" data-id=\"e308db0\" data-element_type=\"widget\" data-e-type=\"widget\" data-widget_type=\"spacer.default\">\n\t\t\t\t<div class=\"elementor-widget-container\">\n\t\t\t\t\t\t\t<div class=\"elementor-spacer\">\n\t\t\t<div class=\"elementor-spacer-inner\"><\/div>\n\t\t<\/div>\n\t\t\t\t\t\t<\/div>\n\t\t\t\t<\/div>\n\t\t\t\t<div class=\"elementor-element elementor-element-9e802bc animated-slow elementor-invisible elementor-widget elementor-widget-image\" data-id=\"9e802bc\" data-element_type=\"widget\" data-e-type=\"widget\" data-settings=\"{&quot;_animation&quot;:&quot;fadeIn&quot;,&quot;_animation_delay&quot;:600}\" data-widget_type=\"image.default\">\n\t\t\t\t<div class=\"elementor-widget-container\">\n\t\t\t\t\t\t\t\t\t\t\t\t\t\t\t<img fetchpriority=\"high\" decoding=\"async\" width=\"433\" height=\"152\" src=\"https:\/\/mydatte.com\/wp-content\/uploads\/2024\/01\/divider.png\" class=\"attachment-full size-full wp-image-1127\" alt=\"\" srcset=\"https:\/\/mydatte.com\/wp-content\/uploads\/2024\/01\/divider.png 433w, https:\/\/mydatte.com\/wp-content\/uploads\/2024\/01\/divider-300x105.png 300w, https:\/\/mydatte.com\/wp-content\/uploads\/2024\/01\/divider-18x6.png 18w\" sizes=\"(max-width: 433px) 100vw, 433px\" \/>\t\t\t\t\t\t\t\t\t\t\t\t\t\t\t<\/div>\n\t\t\t\t<\/div>\n\t\t\t\t<div class=\"elementor-element elementor-element-b6d649b elementor-widget__width-inherit elementor-widget-tablet__width-inherit elementor-widget-mobile__width-inherit animated-slow elementor-invisible elementor-widget elementor-widget-text-editor\" data-id=\"b6d649b\" data-element_type=\"widget\" data-e-type=\"widget\" data-settings=\"{&quot;_animation&quot;:&quot;fadeIn&quot;,&quot;_animation_delay&quot;:400}\" data-widget_type=\"text-editor.default\">\n\t\t\t\t<div class=\"elementor-widget-container\">\n\t\t\t\t\t\t\t\t\tDeglet means finger.<\/br>\n\nNour means light.<\/br>\n\nDeglet Nour = Finger of Light.<\/br>\t\t\t\t\t\t\t\t<\/div>\n\t\t\t\t<\/div>\n\t\t\t\t<div class=\"elementor-element elementor-element-6d50aa2 elementor-widget__width-inherit elementor-widget-tablet__width-inherit elementor-widget-mobile__width-inherit  ui-split-animate ui-splitby-words elementor-widget elementor-widget-text-editor\" data-id=\"6d50aa2\" data-element_type=\"widget\" data-e-type=\"widget\" data-settings=\"{&quot;ui_animate_split&quot;:&quot;ui-split-animate&quot;,&quot;ui_animate_split_by&quot;:&quot;words&quot;,&quot;ui_animate_split_style&quot;:&quot;fadeIn&quot;}\" data-widget_type=\"text-editor.default\">\n\t\t\t\t<div class=\"elementor-widget-container\">\n\t\t\t\t\t\t\t\t\t<p>\u00a0<\/p><p>The Algerian Deglet Nour date is a fruit that is shaped like a finger and the fact that its flesh is very thin and translucent allows you to see its core inside. Suffice it to say: A finger that lets itself be pierced by light, hence the name finger of light.<\/p>\t\t\t\t\t\t\t\t<\/div>\n\t\t\t\t<\/div>\n\t\t\t\t<div class=\"elementor-element elementor-element-300a050 elementor-widget__width-inherit elementor-widget-tablet__width-inherit elementor-widget-mobile__width-inherit ui-splitby-words  ui-split-animate elementor-widget elementor-widget-text-editor\" data-id=\"300a050\" data-element_type=\"widget\" data-e-type=\"widget\" data-settings=\"{&quot;ui_animate_split_by&quot;:&quot;words&quot;,&quot;ui_animate_split_style&quot;:&quot;fadeIn&quot;,&quot;ui_animate_split&quot;:&quot;ui-split-animate&quot;}\" data-widget_type=\"text-editor.default\">\n\t\t\t\t<div class=\"elementor-widget-container\">\n\t\t\t\t\t\t\t\t\t<p>Deglet Nour from Algeria is grown in the Tolga oasis which is the date terroir in Algeria. The date has benefited from a GI or controlled designation geographical identifier since 2016.<\/p><p>There are two types of Deglet Nour dates that are marketed and offered to customers:<\/p>\t\t\t\t\t\t\t\t<\/div>\n\t\t\t\t<\/div>\n\t\t\t\t<div class=\"elementor-element elementor-element-d31e937 elementor-widget__width-inherit elementor-widget-tablet__width-inherit elementor-widget-mobile__width-inherit animated-slow elementor-invisible elementor-widget elementor-widget-text-editor\" data-id=\"d31e937\" data-element_type=\"widget\" data-e-type=\"widget\" data-settings=\"{&quot;_animation&quot;:&quot;fadeIn&quot;,&quot;_animation_delay&quot;:600}\" data-widget_type=\"text-editor.default\">\n\t\t\t\t<div class=\"elementor-widget-container\">\n\t\t\t\t\t\t\t\t\t<p>\u00b7 The <u>fresh<\/u> date , Algerian Deglet Nour<\/p><p>\u00b7 The date <span style=\"text-decoration: underline;\">conditioned<\/span> &amp; pitted  Algerian Deglet Nour<\/p>\t\t\t\t\t\t\t\t<\/div>\n\t\t\t\t<\/div>\n\t\t\t\t<div class=\"elementor-element elementor-element-b37bee7  ui-split-animate ui-splitby-chars elementor-widget elementor-widget-heading\" data-id=\"b37bee7\" data-element_type=\"widget\" data-e-type=\"widget\" data-settings=\"{&quot;ui_animate_split&quot;:&quot;ui-split-animate&quot;,&quot;ui_animate_split_style&quot;:&quot;fadeIn&quot;,&quot;ui_animate_split_by&quot;:&quot;chars&quot;}\" data-widget_type=\"heading.default\">\n\t\t\t\t<div class=\"elementor-widget-container\">\n\t\t\t\t\t<h2 class=\"elementor-heading-title elementor-size-default\">Organic Fresh Date<\/h2>\t\t\t\t<\/div>\n\t\t\t\t<\/div>\n\t\t\t\t<div class=\"elementor-element elementor-element-8800246 animated-slow elementor-invisible elementor-widget elementor-widget-image\" data-id=\"8800246\" data-element_type=\"widget\" data-e-type=\"widget\" data-settings=\"{&quot;_animation&quot;:&quot;fadeIn&quot;,&quot;_animation_delay&quot;:600}\" data-widget_type=\"image.default\">\n\t\t\t\t<div class=\"elementor-widget-container\">\n\t\t\t\t\t\t\t\t\t\t\t\t\t\t\t<img fetchpriority=\"high\" decoding=\"async\" width=\"433\" height=\"152\" src=\"https:\/\/mydatte.com\/wp-content\/uploads\/2024\/01\/divider.png\" class=\"attachment-full size-full wp-image-1127\" alt=\"\" srcset=\"https:\/\/mydatte.com\/wp-content\/uploads\/2024\/01\/divider.png 433w, https:\/\/mydatte.com\/wp-content\/uploads\/2024\/01\/divider-300x105.png 300w, https:\/\/mydatte.com\/wp-content\/uploads\/2024\/01\/divider-18x6.png 18w\" sizes=\"(max-width: 433px) 100vw, 433px\" \/>\t\t\t\t\t\t\t\t\t\t\t\t\t\t\t<\/div>\n\t\t\t\t<\/div>\n\t\t\t\t<div class=\"elementor-element elementor-element-e7766b6 elementor-widget__width-inherit elementor-widget-tablet__width-inherit elementor-widget-mobile__width-inherit animated-slow elementor-invisible elementor-widget elementor-widget-text-editor\" data-id=\"e7766b6\" data-element_type=\"widget\" data-e-type=\"widget\" data-settings=\"{&quot;_animation&quot;:&quot;fadeIn&quot;,&quot;_animation_delay&quot;:600}\" data-widget_type=\"text-editor.default\">\n\t\t\t\t<div class=\"elementor-widget-container\">\n\t\t\t\t\t\t\t\t\t<p><span style=\"text-decoration: underline;\"><strong>Fresh Date <\/strong><\/span>Algerian Deglet Nour is defined as such when its humidity level is between 25 % and 35 % and has not undergone any transformation process; it is presented as it was plucked from the palm tree. The fresh Algerian Deglet Nour is soft, honeyed and melts in the mouth.<\/p>\t\t\t\t\t\t\t\t<\/div>\n\t\t\t\t<\/div>\n\t\t\t\t<div class=\"elementor-element elementor-element-f7a8673 elementor-widget__width-inherit elementor-widget-tablet__width-inherit elementor-widget-mobile__width-inherit animated-slow elementor-invisible elementor-widget elementor-widget-text-editor\" data-id=\"f7a8673\" data-element_type=\"widget\" data-e-type=\"widget\" data-settings=\"{&quot;_animation&quot;:&quot;fadeIn&quot;,&quot;_animation_delay&quot;:400}\" data-widget_type=\"text-editor.default\">\n\t\t\t\t<div class=\"elementor-widget-container\">\n\t\t\t\t\t\t\t\t\t<p>Generally, fresh dates are eaten as dessert or in small bites, stuffed with blue cheese. It is a fruit with which we delight the palate.<\/p>\t\t\t\t\t\t\t\t<\/div>\n\t\t\t\t<\/div>\n\t\t\t\t<div class=\"elementor-element elementor-element-fca0d6c elementor-arrows-position-outside animated-slow elementor-pagination-position-outside elementor-invisible elementor-widget elementor-widget-image-carousel\" data-id=\"fca0d6c\" data-element_type=\"widget\" data-e-type=\"widget\" data-settings=\"{&quot;slides_to_show&quot;:&quot;1&quot;,&quot;_animation&quot;:&quot;fadeIn&quot;,&quot;_animation_delay&quot;:600,&quot;navigation&quot;:&quot;both&quot;,&quot;autoplay&quot;:&quot;yes&quot;,&quot;pause_on_hover&quot;:&quot;yes&quot;,&quot;pause_on_interaction&quot;:&quot;yes&quot;,&quot;autoplay_speed&quot;:5000,&quot;infinite&quot;:&quot;yes&quot;,&quot;effect&quot;:&quot;slide&quot;,&quot;speed&quot;:500}\" data-widget_type=\"image-carousel.default\">\n\t\t\t\t<div class=\"elementor-widget-container\">\n\t\t\t\t\t\t\t<div class=\"elementor-image-carousel-wrapper swiper\" role=\"region\" aria-roledescription=\"carousel\" aria-label=\"Image Carousel\" dir=\"ltr\">\n\t\t\t<div class=\"elementor-image-carousel swiper-wrapper\" aria-live=\"off\">\n\t\t\t\t\t\t\t\t<div class=\"swiper-slide\" role=\"group\" aria-roledescription=\"slide\" aria-label=\"1 of 1\" data-no-translation-aria-label=\"\"><figure class=\"swiper-slide-inner\"><img decoding=\"async\" class=\"swiper-slide-image lazyload\" data-src=\"https:\/\/mydatte.com\/wp-content\/uploads\/2024\/06\/MyDatte-FRAICHE-Branchee-.-Copyright-fraiche-scaled-1.jpg\" alt=\"MyDatte-FRAICHE-Branchee-.-Copyright-fraiche-scaled\" src=\"data:image\/svg+xml;base64,PHN2ZyB3aWR0aD0iMSIgaGVpZ2h0PSIxIiB4bWxucz0iaHR0cDovL3d3dy53My5vcmcvMjAwMC9zdmciPjwvc3ZnPg==\" style=\"--smush-placeholder-width: 2560px; --smush-placeholder-aspect-ratio: 2560\/1575;\" \/><\/figure><\/div>\t\t\t<\/div>\n\t\t\t\t\t<\/div>\n\t\t\t\t\t\t<\/div>\n\t\t\t\t<\/div>\n\t\t\t\t\t<\/div>\n\t\t<\/div>\n\t\t\t\t\t<\/div>\n\t\t<\/section>\n\t\t\t\t<section class=\"elementor-section elementor-top-section elementor-element elementor-element-461377d elementor-reverse-mobile elementor-section-boxed elementor-section-height-default elementor-section-height-default\" data-id=\"461377d\" data-element_type=\"section\" data-e-type=\"section\" data-settings=\"{&quot;background_background&quot;:&quot;classic&quot;}\">\n\t\t\t\t\t\t<div class=\"elementor-container elementor-column-gap-default\">\n\t\t\t\t\t<div class=\"elementor-column elementor-col-100 elementor-top-column elementor-element elementor-element-0aad64a\" data-id=\"0aad64a\" data-element_type=\"column\" data-e-type=\"column\">\n\t\t\t<div class=\"elementor-widget-wrap elementor-element-populated\">\n\t\t\t\t\t\t<div class=\"elementor-element elementor-element-44f4e82  ui-split-animate ui-splitby-chars elementor-widget elementor-widget-heading\" data-id=\"44f4e82\" data-element_type=\"widget\" data-e-type=\"widget\" data-settings=\"{&quot;ui_animate_split&quot;:&quot;ui-split-animate&quot;,&quot;ui_animate_split_style&quot;:&quot;fadeIn&quot;,&quot;ui_animate_split_by&quot;:&quot;chars&quot;}\" data-widget_type=\"heading.default\">\n\t\t\t\t<div class=\"elementor-widget-container\">\n\t\t\t\t\t<h2 class=\"elementor-heading-title elementor-size-default\">Organic Pitted Date<\/h2>\t\t\t\t<\/div>\n\t\t\t\t<\/div>\n\t\t\t\t<div class=\"elementor-element elementor-element-2ab7fec elementor-widget elementor-widget-spacer\" data-id=\"2ab7fec\" data-element_type=\"widget\" data-e-type=\"widget\" data-widget_type=\"spacer.default\">\n\t\t\t\t<div class=\"elementor-widget-container\">\n\t\t\t\t\t\t\t<div class=\"elementor-spacer\">\n\t\t\t<div class=\"elementor-spacer-inner\"><\/div>\n\t\t<\/div>\n\t\t\t\t\t\t<\/div>\n\t\t\t\t<\/div>\n\t\t\t\t<div class=\"elementor-element elementor-element-2e8ad28 animated-slow elementor-invisible elementor-widget elementor-widget-image\" data-id=\"2e8ad28\" data-element_type=\"widget\" data-e-type=\"widget\" data-settings=\"{&quot;_animation&quot;:&quot;fadeIn&quot;,&quot;_animation_delay&quot;:600}\" data-widget_type=\"image.default\">\n\t\t\t\t<div class=\"elementor-widget-container\">\n\t\t\t\t\t\t\t\t\t\t\t\t\t\t\t<img fetchpriority=\"high\" decoding=\"async\" width=\"433\" height=\"152\" src=\"https:\/\/mydatte.com\/wp-content\/uploads\/2024\/01\/divider.png\" class=\"attachment-full size-full wp-image-1127\" alt=\"\" srcset=\"https:\/\/mydatte.com\/wp-content\/uploads\/2024\/01\/divider.png 433w, https:\/\/mydatte.com\/wp-content\/uploads\/2024\/01\/divider-300x105.png 300w, https:\/\/mydatte.com\/wp-content\/uploads\/2024\/01\/divider-18x6.png 18w\" sizes=\"(max-width: 433px) 100vw, 433px\" \/>\t\t\t\t\t\t\t\t\t\t\t\t\t\t\t<\/div>\n\t\t\t\t<\/div>\n\t\t\t\t<div class=\"elementor-element elementor-element-b5b3c56 elementor-widget-tablet__width-inherit elementor-widget-mobile__width-inherit elementor-widget__width-inherit animated-slow elementor-invisible elementor-widget elementor-widget-text-editor\" data-id=\"b5b3c56\" data-element_type=\"widget\" data-e-type=\"widget\" data-settings=\"{&quot;_animation&quot;:&quot;fadeIn&quot;,&quot;_animation_delay&quot;:600}\" data-widget_type=\"text-editor.default\">\n\t\t\t\t<div class=\"elementor-widget-container\">\n\t\t\t\t\t\t\t\t\t<p><b>The datte <u>conditioned<\/u>\u00a0and pitted\u00a0<\/b>Algerian Deglet Nour was dried under the sun to prolong its conservation, then rehydrated with steam to regain a certain softness. It has been pitted to facilitate its integration into various preparations such as smoothies, muffins, date squares, etc. It is an excellent alternative to refined sugar.<\/p>\t\t\t\t\t\t\t\t<\/div>\n\t\t\t\t<\/div>\n\t\t\t\t<div class=\"elementor-element elementor-element-031fb40 elementor-arrows-position-outside animated-slow elementor-pagination-position-outside elementor-invisible elementor-widget elementor-widget-image-carousel\" data-id=\"031fb40\" data-element_type=\"widget\" data-e-type=\"widget\" data-settings=\"{&quot;slides_to_show&quot;:&quot;1&quot;,&quot;_animation&quot;:&quot;fadeIn&quot;,&quot;_animation_delay&quot;:600,&quot;navigation&quot;:&quot;both&quot;,&quot;autoplay&quot;:&quot;yes&quot;,&quot;pause_on_hover&quot;:&quot;yes&quot;,&quot;pause_on_interaction&quot;:&quot;yes&quot;,&quot;autoplay_speed&quot;:5000,&quot;infinite&quot;:&quot;yes&quot;,&quot;effect&quot;:&quot;slide&quot;,&quot;speed&quot;:500}\" data-widget_type=\"image-carousel.default\">\n\t\t\t\t<div class=\"elementor-widget-container\">\n\t\t\t\t\t\t\t<div class=\"elementor-image-carousel-wrapper swiper\" role=\"region\" aria-roledescription=\"carousel\" aria-label=\"Image Carousel\" dir=\"ltr\">\n\t\t\t<div class=\"elementor-image-carousel swiper-wrapper\" aria-live=\"off\">\n\t\t\t\t\t\t\t\t<div class=\"swiper-slide\" role=\"group\" aria-roledescription=\"slide\" aria-label=\"1 of 1\" data-no-translation-aria-label=\"\"><figure class=\"swiper-slide-inner\"><img decoding=\"async\" class=\"swiper-slide-image lazyload\" data-src=\"https:\/\/mydatte.com\/wp-content\/uploads\/2024\/06\/GRADE-B-DN.jpg\" alt=\"GRADE-B-DN\" src=\"data:image\/svg+xml;base64,PHN2ZyB3aWR0aD0iMSIgaGVpZ2h0PSIxIiB4bWxucz0iaHR0cDovL3d3dy53My5vcmcvMjAwMC9zdmciPjwvc3ZnPg==\" style=\"--smush-placeholder-width: 1842px; --smush-placeholder-aspect-ratio: 1842\/1187;\" \/><\/figure><\/div>\t\t\t<\/div>\n\t\t\t\t\t<\/div>\n\t\t\t\t\t\t<\/div>\n\t\t\t\t<\/div>\n\t\t\t\t\t<\/div>\n\t\t<\/div>\n\t\t\t\t\t<\/div>\n\t\t<\/section>\n\t\t\t\t<\/div>","protected":false},"excerpt":{"rendered":"<p>La Datte Biologique Deglet Nour d\u2019Alg\u00e9rie Deglet veut dire doigt. Nour veut dire lumi\u00e8re. Deglet Nour = Doigt de Lumi\u00e8re. \u00a0 La [&hellip;]<\/p>\n","protected":false},"author":1,"featured_media":591,"parent":0,"menu_order":0,"comment_status":"closed","ping_status":"closed","template":"","meta":{"iawp_total_views":362,"footnotes":""},"class_list":["post-1270","page","type-page","status-publish","has-post-thumbnail","hentry"],"yoast_head":"<!-- This site is optimized with the Yoast SEO plugin v27.4 - https:\/\/yoast.com\/product\/yoast-seo-wordpress\/ -->\n<title>MyDatte - La Datte Fraiche et D\u00e9noyaut\u00e9e biologique Deglet Nour d&#039;Alg\u00e9rie<\/title>\n<meta name=\"description\" content=\"La Datte Deglet Nour d&#039;Alg\u00e9rie est un fruit qui a la forme d\u2019un doigt et du fait que sa chair soit tr\u00e8s fine et translucide cela permet de percevoir son noyau \u00e0 l\u2019int\u00e9rieur. Autant dire : Un doigt qui se laisse transperc\u00e9 par la lumi\u00e8re d\u2019o\u00f9 l\u2019appellation doigt de lumi\u00e8re.\" \/>\n<meta name=\"robots\" content=\"index, follow, max-snippet:-1, max-image-preview:large, max-video-preview:-1\" \/>\n<link rel=\"canonical\" href=\"https:\/\/mydatte.com\/en\/la-datte\/\" \/>\n<meta property=\"og:locale\" content=\"en_US\" \/>\n<meta property=\"og:type\" content=\"article\" \/>\n<meta property=\"og:title\" content=\"MyDatte - La Datte Fraiche et D\u00e9noyaut\u00e9e biologique Deglet Nour d&#039;Alg\u00e9rie\" \/>\n<meta property=\"og:description\" content=\"La Datte Deglet Nour d&#039;Alg\u00e9rie est un fruit qui a la forme d\u2019un doigt et du fait que sa chair soit tr\u00e8s fine et translucide cela permet de percevoir son noyau \u00e0 l\u2019int\u00e9rieur. Autant dire : Un doigt qui se laisse transperc\u00e9 par la lumi\u00e8re d\u2019o\u00f9 l\u2019appellation doigt de lumi\u00e8re.\" \/>\n<meta property=\"og:url\" content=\"https:\/\/mydatte.com\/en\/la-datte\/\" \/>\n<meta property=\"og:site_name\" content=\"MyDatte\" \/>\n<meta property=\"article:modified_time\" content=\"2024-08-03T21:22:57+00:00\" \/>\n<meta name=\"twitter:card\" content=\"summary_large_image\" \/>\n<meta name=\"twitter:label1\" content=\"Est. reading time\" \/>\n\t<meta name=\"twitter:data1\" content=\"3 minutes\" \/>\n<script type=\"application\/ld+json\" class=\"yoast-schema-graph\">{\"@context\":\"https:\\\/\\\/schema.org\",\"@graph\":[{\"@type\":\"WebPage\",\"@id\":\"https:\\\/\\\/mydatte.com\\\/en\\\/la-datte\\\/\",\"url\":\"https:\\\/\\\/mydatte.com\\\/en\\\/la-datte\\\/\",\"name\":\"MyDatte - La Datte Fraiche et D\u00e9noyaut\u00e9e biologique Deglet Nour d'Alg\u00e9rie\",\"isPartOf\":{\"@id\":\"https:\\\/\\\/mydatte.com\\\/#website\"},\"primaryImageOfPage\":{\"@id\":\"https:\\\/\\\/mydatte.com\\\/en\\\/la-datte\\\/#primaryimage\"},\"image\":{\"@id\":\"https:\\\/\\\/mydatte.com\\\/en\\\/la-datte\\\/#primaryimage\"},\"thumbnailUrl\":\"\",\"datePublished\":\"2024-02-06T23:29:12+00:00\",\"dateModified\":\"2024-08-03T21:22:57+00:00\",\"description\":\"La Datte Deglet Nour d'Alg\u00e9rie est un fruit qui a la forme d\u2019un doigt et du fait que sa chair soit tr\u00e8s fine et translucide cela permet de percevoir son noyau \u00e0 l\u2019int\u00e9rieur. Autant dire : Un doigt qui se laisse transperc\u00e9 par la lumi\u00e8re d\u2019o\u00f9 l\u2019appellation doigt de lumi\u00e8re.\",\"breadcrumb\":{\"@id\":\"https:\\\/\\\/mydatte.com\\\/en\\\/la-datte\\\/#breadcrumb\"},\"inLanguage\":\"en-CA\",\"potentialAction\":[{\"@type\":\"ReadAction\",\"target\":[\"https:\\\/\\\/mydatte.com\\\/en\\\/la-datte\\\/\"]}]},{\"@type\":\"ImageObject\",\"inLanguage\":\"en-CA\",\"@id\":\"https:\\\/\\\/mydatte.com\\\/en\\\/la-datte\\\/#primaryimage\",\"url\":\"\",\"contentUrl\":\"\"},{\"@type\":\"BreadcrumbList\",\"@id\":\"https:\\\/\\\/mydatte.com\\\/en\\\/la-datte\\\/#breadcrumb\",\"itemListElement\":[{\"@type\":\"ListItem\",\"position\":1,\"name\":\"Home\",\"item\":\"https:\\\/\\\/mydatte.com\\\/\"},{\"@type\":\"ListItem\",\"position\":2,\"name\":\"La datte\"}]},{\"@type\":\"WebSite\",\"@id\":\"https:\\\/\\\/mydatte.com\\\/#website\",\"url\":\"https:\\\/\\\/mydatte.com\\\/\",\"name\":\"MyDatte\",\"description\":\"Datte Biologique DEGLET NOUR d'Alg&eacute;rie\",\"potentialAction\":[{\"@type\":\"SearchAction\",\"target\":{\"@type\":\"EntryPoint\",\"urlTemplate\":\"https:\\\/\\\/mydatte.com\\\/?s={search_term_string}\"},\"query-input\":{\"@type\":\"PropertyValueSpecification\",\"valueRequired\":true,\"valueName\":\"search_term_string\"}}],\"inLanguage\":\"en-CA\"}]}<\/script>\n<!-- \/ Yoast SEO plugin. -->","yoast_head_json":{"title":"MyDatte - Organic Fresh Pitted Dates Deglet Nour from Algeria","description":"The Algerian Deglet Nour Date is a fruit shaped like a finger, and because its flesh is very thin and translucent, it allows you to see its core inside. In other words: A finger that lets itself be pierced by the light, hence the name finger of light.","robots":{"index":"index","follow":"follow","max-snippet":"max-snippet:-1","max-image-preview":"max-image-preview:large","max-video-preview":"max-video-preview:-1"},"canonical":"https:\/\/mydatte.com\/en\/la-datte\/","og_locale":"en_US","og_type":"article","og_title":"MyDatte - La Datte Fraiche et D\u00e9noyaut\u00e9e biologique Deglet Nour d'Alg\u00e9rie","og_description":"La Datte Deglet Nour d'Alg\u00e9rie est un fruit qui a la forme d\u2019un doigt et du fait que sa chair soit tr\u00e8s fine et translucide cela permet de percevoir son noyau \u00e0 l\u2019int\u00e9rieur. Autant dire : Un doigt qui se laisse transperc\u00e9 par la lumi\u00e8re d\u2019o\u00f9 l\u2019appellation doigt de lumi\u00e8re.","og_url":"https:\/\/mydatte.com\/en\/la-datte\/","og_site_name":"MyDatte","article_modified_time":"2024-08-03T21:22:57+00:00","twitter_card":"summary_large_image","twitter_misc":{"Est. reading time":"3 minutes"},"schema":{"@context":"https:\/\/schema.org","@graph":[{"@type":"WebPage","@id":"https:\/\/mydatte.com\/en\/la-datte\/","url":"https:\/\/mydatte.com\/en\/la-datte\/","name":"MyDatte - Organic Fresh Pitted Dates Deglet Nour from Algeria","isPartOf":{"@id":"https:\/\/mydatte.com\/#website"},"primaryImageOfPage":{"@id":"https:\/\/mydatte.com\/en\/la-datte\/#primaryimage"},"image":{"@id":"https:\/\/mydatte.com\/en\/la-datte\/#primaryimage"},"thumbnailUrl":"","datePublished":"2024-02-06T23:29:12+00:00","dateModified":"2024-08-03T21:22:57+00:00","description":"The Algerian Deglet Nour Date is a fruit shaped like a finger, and because its flesh is very thin and translucent, it allows you to see its core inside. In other words: A finger that lets itself be pierced by the light, hence the name finger of light.","breadcrumb":{"@id":"https:\/\/mydatte.com\/en\/la-datte\/#breadcrumb"},"inLanguage":"en-CA","potentialAction":[{"@type":"ReadAction","target":["https:\/\/mydatte.com\/en\/la-datte\/"]}]},{"@type":"ImageObject","inLanguage":"en-CA","@id":"https:\/\/mydatte.com\/en\/la-datte\/#primaryimage","url":"","contentUrl":""},{"@type":"BreadcrumbList","@id":"https:\/\/mydatte.com\/en\/la-datte\/#breadcrumb","itemListElement":[{"@type":"ListItem","position":1,"name":"Home","item":"https:\/\/mydatte.com\/"},{"@type":"ListItem","position":2,"name":"La datte"}]},{"@type":"WebSite","@id":"https:\/\/mydatte.com\/#website","url":"https:\/\/mydatte.com\/","name":"MyDate","description":"Organic DEGLET NOUR Date from Algeria","potentialAction":[{"@type":"SearchAction","target":{"@type":"EntryPoint","urlTemplate":"https:\/\/mydatte.com\/?s={search_term_string}"},"query-input":{"@type":"PropertyValueSpecification","valueRequired":true,"valueName":"search_term_string"}}],"inLanguage":"en-CA"}]}},"_links":{"self":[{"href":"https:\/\/mydatte.com\/en\/wp-json\/wp\/v2\/pages\/1270","targetHints":{"allow":["GET"]}}],"collection":[{"href":"https:\/\/mydatte.com\/en\/wp-json\/wp\/v2\/pages"}],"about":[{"href":"https:\/\/mydatte.com\/en\/wp-json\/wp\/v2\/types\/page"}],"author":[{"embeddable":true,"href":"https:\/\/mydatte.com\/en\/wp-json\/wp\/v2\/users\/1"}],"replies":[{"embeddable":true,"href":"https:\/\/mydatte.com\/en\/wp-json\/wp\/v2\/comments?post=1270"}],"version-history":[{"count":93,"href":"https:\/\/mydatte.com\/en\/wp-json\/wp\/v2\/pages\/1270\/revisions"}],"predecessor-version":[{"id":5209,"href":"https:\/\/mydatte.com\/en\/wp-json\/wp\/v2\/pages\/1270\/revisions\/5209"}],"wp:featuredmedia":[{"embeddable":true,"href":"https:\/\/mydatte.com\/en\/wp-json\/"}],"wp:attachment":[{"href":"https:\/\/mydatte.com\/en\/wp-json\/wp\/v2\/media?parent=1270"}],"curies":[{"name":"wp","href":"https:\/\/api.w.org\/{rel}","templated":true}]}}