{"id":4733,"date":"2022-11-05T15:12:16","date_gmt":"2022-11-05T15:12:16","guid":{"rendered":"http:\/\/3.89.4.235\/about-us\/"},"modified":"2024-08-13T19:47:20","modified_gmt":"2024-08-13T19:47:20","slug":"a-propos","status":"publish","type":"page","link":"https:\/\/mydatte.com\/en\/a-propos\/","title":{"rendered":"About"},"content":{"rendered":"<div data-elementor-type=\"wp-page\" data-elementor-id=\"4733\" class=\"elementor elementor-4733\">\n\t\t\t\t<div class=\"elementor-element elementor-element-ccf74bb  ui-fluid-animation-2 e-con-full e-flex e-con e-parent\" data-id=\"ccf74bb\" data-element_type=\"container\" data-e-type=\"container\" data-settings=\"{&quot;background_background&quot;:&quot;classic&quot;,&quot;uicore_fluid_animation&quot;:&quot;ui-fluid-animation-2&quot;,&quot;section_fluid_on&quot;:&quot;yes&quot;}\">\n\t\t<div class=\"elementor-element elementor-element-d206051 e-con-full e-flex e-con e-child\" data-id=\"d206051\" data-element_type=\"container\" data-e-type=\"container\">\n\t\t\t\t<div class=\"elementor-element elementor-element-b79c1bf elementor-widget elementor-widget-image\" data-id=\"b79c1bf\" data-element_type=\"widget\" data-e-type=\"widget\" data-widget_type=\"image.default\">\n\t\t\t\t<div class=\"elementor-widget-container\">\n\t\t\t\t\t\t\t\t\t\t\t\t\t\t\t<img fetchpriority=\"high\" decoding=\"async\" width=\"600\" height=\"600\" src=\"https:\/\/mydatte.com\/wp-content\/uploads\/2024\/01\/Comp-1_1-2.gif\" class=\"attachment-large size-large wp-image-1115\" alt=\"\" \/>\t\t\t\t\t\t\t\t\t\t\t\t\t\t\t<\/div>\n\t\t\t\t<\/div>\n\t\t\t\t<\/div>\n\t\t<div class=\"elementor-element elementor-element-757e2fa e-con-full e-flex e-con e-child\" data-id=\"757e2fa\" data-element_type=\"container\" data-e-type=\"container\">\n\t\t<div class=\"elementor-element elementor-element-bfb4288 e-con-full e-flex e-con e-child\" data-id=\"bfb4288\" data-element_type=\"container\" data-e-type=\"container\">\n\t\t\t\t<div class=\"elementor-element elementor-element-1fe2b39 animated-slow elementor-invisible elementor-widget elementor-widget-image\" data-id=\"1fe2b39\" data-element_type=\"widget\" data-e-type=\"widget\" data-settings=\"{&quot;_animation&quot;:&quot;fadeIn&quot;,&quot;_animation_delay&quot;:600}\" data-widget_type=\"image.default\">\n\t\t\t\t<div class=\"elementor-widget-container\">\n\t\t\t\t\t\t\t\t\t\t\t\t\t\t\t<img decoding=\"async\" width=\"433\" height=\"152\" data-src=\"https:\/\/mydatte.com\/wp-content\/uploads\/2024\/01\/divider.png\" class=\"attachment-large size-large wp-image-1127 lazyload\" alt=\"\" data-srcset=\"https:\/\/mydatte.com\/wp-content\/uploads\/2024\/01\/divider.png 433w, https:\/\/mydatte.com\/wp-content\/uploads\/2024\/01\/divider-300x105.png 300w, https:\/\/mydatte.com\/wp-content\/uploads\/2024\/01\/divider-18x6.png 18w\" data-sizes=\"(max-width: 433px) 100vw, 433px\" src=\"data:image\/svg+xml;base64,PHN2ZyB3aWR0aD0iMSIgaGVpZ2h0PSIxIiB4bWxucz0iaHR0cDovL3d3dy53My5vcmcvMjAwMC9zdmciPjwvc3ZnPg==\" style=\"--smush-placeholder-width: 433px; --smush-placeholder-aspect-ratio: 433\/152;\" \/>\t\t\t\t\t\t\t\t\t\t\t\t\t\t\t<\/div>\n\t\t\t\t<\/div>\n\t\t\t\t<div class=\"elementor-element elementor-element-7eb6be1  ui-split-animate ui-splitby-chars elementor-widget elementor-widget-heading\" data-id=\"7eb6be1\" data-element_type=\"widget\" data-e-type=\"widget\" data-settings=\"{&quot;ui_animate_split&quot;:&quot;ui-split-animate&quot;,&quot;ui_animate_split_style&quot;:&quot;fadeIn&quot;,&quot;ui_animate_split_by&quot;:&quot;chars&quot;}\" data-widget_type=\"heading.default\">\n\t\t\t\t<div class=\"elementor-widget-container\">\n\t\t\t\t\t<h2 class=\"elementor-heading-title elementor-size-default\">Who are we<\/h2>\t\t\t\t<\/div>\n\t\t\t\t<\/div>\n\t\t\t\t<\/div>\n\t\t\t\t<\/div>\n\t\t\t\t<\/div>\n\t\t\t\t<section class=\"elementor-section elementor-top-section elementor-element elementor-element-521d706 elementor-section-boxed elementor-section-height-default elementor-section-height-default\" data-id=\"521d706\" data-element_type=\"section\" data-e-type=\"section\" id=\"next\" data-settings=\"{&quot;background_background&quot;:&quot;classic&quot;}\">\n\t\t\t\t\t\t<div class=\"elementor-container elementor-column-gap-default\">\n\t\t\t\t\t<div class=\"elementor-column elementor-col-100 elementor-top-column elementor-element elementor-element-17ffe37 animated-slow\" data-id=\"17ffe37\" data-element_type=\"column\" data-e-type=\"column\" data-settings=\"{&quot;animation&quot;:&quot;none&quot;,&quot;animation_delay&quot;:200}\">\n\t\t\t<div class=\"elementor-widget-wrap elementor-element-populated\">\n\t\t\t\t\t\t<div class=\"elementor-element elementor-element-f343aa6 elementor-widget elementor-widget-spacer\" data-id=\"f343aa6\" data-element_type=\"widget\" data-e-type=\"widget\" data-widget_type=\"spacer.default\">\n\t\t\t\t<div class=\"elementor-widget-container\">\n\t\t\t\t\t\t\t<div class=\"elementor-spacer\">\n\t\t\t<div class=\"elementor-spacer-inner\"><\/div>\n\t\t<\/div>\n\t\t\t\t\t\t<\/div>\n\t\t\t\t<\/div>\n\t\t\t\t<div class=\"elementor-element elementor-element-6051388 animated-slow elementor-invisible elementor-widget elementor-widget-image\" data-id=\"6051388\" data-element_type=\"widget\" data-e-type=\"widget\" data-settings=\"{&quot;_animation&quot;:&quot;fadeIn&quot;,&quot;_animation_delay&quot;:500}\" data-widget_type=\"image.default\">\n\t\t\t\t<div class=\"elementor-widget-container\">\n\t\t\t\t\t\t\t\t\t\t\t\t\t\t\t<img decoding=\"async\" width=\"433\" height=\"152\" data-src=\"https:\/\/mydatte.com\/wp-content\/uploads\/2024\/01\/divider.png\" class=\"attachment-full size-full wp-image-1127 lazyload\" alt=\"\" data-srcset=\"https:\/\/mydatte.com\/wp-content\/uploads\/2024\/01\/divider.png 433w, https:\/\/mydatte.com\/wp-content\/uploads\/2024\/01\/divider-300x105.png 300w, https:\/\/mydatte.com\/wp-content\/uploads\/2024\/01\/divider-18x6.png 18w\" data-sizes=\"(max-width: 433px) 100vw, 433px\" src=\"data:image\/svg+xml;base64,PHN2ZyB3aWR0aD0iMSIgaGVpZ2h0PSIxIiB4bWxucz0iaHR0cDovL3d3dy53My5vcmcvMjAwMC9zdmciPjwvc3ZnPg==\" style=\"--smush-placeholder-width: 433px; --smush-placeholder-aspect-ratio: 433\/152;\" \/>\t\t\t\t\t\t\t\t\t\t\t\t\t\t\t<\/div>\n\t\t\t\t<\/div>\n\t\t\t\t<div class=\"elementor-element elementor-element-b3474a4 elementor-widget-tablet__width-inherit elementor-widget-mobile__width-inherit  ui-split-animate ui-splitby-lines elementor-widget elementor-widget-text-editor\" data-id=\"b3474a4\" data-element_type=\"widget\" data-e-type=\"widget\" data-settings=\"{&quot;ui_animate_split&quot;:&quot;ui-split-animate&quot;,&quot;ui_animate_split_by&quot;:&quot;lines&quot;,&quot;ui_animate_split_style&quot;:&quot;fadeIn&quot;}\" data-widget_type=\"text-editor.default\">\n\t\t\t\t<div class=\"elementor-widget-container\">\n\t\t\t\t\t\t\t\t\t<p><b>\u00a0<\/b>Founded in 2018 by a couple from Algeria, Nassima and Benyoucef, MYDATTE is a company specializing in the import of organic Deglet Nour dates from Algeria.<\/p><p>Nassima is from Biskra which is the largest date producing region in the country and Benyoucef being in the food sector in Quebec, we immediately noticed that the majority of dates presented to customers on the market were dry and that the Deglet variety Fresh food is virtually unknown to the general public in North America.<\/p><p>As we ourselves are the owners of a few palm trees in the country which allow us to produce for our family and with the knowledge we have in the field of phoeniciculture, the idea arose in our heads to launch a business which would allow to make known the fresh Deglet Nour date from Algeria, especially that from the Tolga region and also the pitted Deglet Nour date.<\/p>\t\t\t\t\t\t\t\t<\/div>\n\t\t\t\t<\/div>\n\t\t\t\t\t<\/div>\n\t\t<\/div>\n\t\t\t\t\t<\/div>\n\t\t<\/section>\n\t\t\t\t<section class=\"elementor-section elementor-top-section elementor-element elementor-element-da5224e elementor-section-boxed elementor-section-height-default elementor-section-height-default\" data-id=\"da5224e\" data-element_type=\"section\" data-e-type=\"section\" data-settings=\"{&quot;background_background&quot;:&quot;classic&quot;}\">\n\t\t\t\t\t\t<div class=\"elementor-container elementor-column-gap-default\">\n\t\t\t\t\t<div class=\"elementor-column elementor-col-100 elementor-top-column elementor-element elementor-element-dee38cb animated-slow\" data-id=\"dee38cb\" data-element_type=\"column\" data-e-type=\"column\" data-settings=\"{&quot;animation&quot;:&quot;none&quot;,&quot;animation_delay&quot;:200}\">\n\t\t\t<div class=\"elementor-widget-wrap elementor-element-populated\">\n\t\t\t\t\t\t<div class=\"elementor-element elementor-element-b8fa4d3 elementor-widget elementor-widget-spacer\" data-id=\"b8fa4d3\" data-element_type=\"widget\" data-e-type=\"widget\" data-widget_type=\"spacer.default\">\n\t\t\t\t<div class=\"elementor-widget-container\">\n\t\t\t\t\t\t\t<div class=\"elementor-spacer\">\n\t\t\t<div class=\"elementor-spacer-inner\"><\/div>\n\t\t<\/div>\n\t\t\t\t\t\t<\/div>\n\t\t\t\t<\/div>\n\t\t\t\t<div class=\"elementor-element elementor-element-469efe0 animated-slow elementor-invisible elementor-widget elementor-widget-image\" data-id=\"469efe0\" data-element_type=\"widget\" data-e-type=\"widget\" data-settings=\"{&quot;_animation&quot;:&quot;fadeIn&quot;,&quot;_animation_delay&quot;:600}\" data-widget_type=\"image.default\">\n\t\t\t\t<div class=\"elementor-widget-container\">\n\t\t\t\t\t\t\t\t\t\t\t\t\t\t\t<img decoding=\"async\" width=\"433\" height=\"152\" data-src=\"https:\/\/mydatte.com\/wp-content\/uploads\/2024\/01\/divider.png\" class=\"attachment-full size-full wp-image-1127 lazyload\" alt=\"\" data-srcset=\"https:\/\/mydatte.com\/wp-content\/uploads\/2024\/01\/divider.png 433w, https:\/\/mydatte.com\/wp-content\/uploads\/2024\/01\/divider-300x105.png 300w, https:\/\/mydatte.com\/wp-content\/uploads\/2024\/01\/divider-18x6.png 18w\" data-sizes=\"(max-width: 433px) 100vw, 433px\" src=\"data:image\/svg+xml;base64,PHN2ZyB3aWR0aD0iMSIgaGVpZ2h0PSIxIiB4bWxucz0iaHR0cDovL3d3dy53My5vcmcvMjAwMC9zdmciPjwvc3ZnPg==\" style=\"--smush-placeholder-width: 433px; --smush-placeholder-aspect-ratio: 433\/152;\" \/>\t\t\t\t\t\t\t\t\t\t\t\t\t\t\t<\/div>\n\t\t\t\t<\/div>\n\t\t\t\t<div class=\"elementor-element elementor-element-a1c196b elementor-widget-tablet__width-inherit elementor-widget-mobile__width-inherit  ui-split-animate ui-splitby-lines elementor-widget elementor-widget-text-editor\" data-id=\"a1c196b\" data-element_type=\"widget\" data-e-type=\"widget\" data-settings=\"{&quot;ui_animate_split&quot;:&quot;ui-split-animate&quot;,&quot;ui_animate_split_by&quot;:&quot;lines&quot;,&quot;ui_animate_split_style&quot;:&quot;fadeIn&quot;}\" data-widget_type=\"text-editor.default\">\n\t\t\t\t<div class=\"elementor-widget-container\">\n\t\t\t\t\t\t\t\t\t<p>Concerned about protecting the environment, our health and that of our children as well as our peers, at MYDATTE we have opted for organic dates because it is what best corresponds to our values.<\/p>\n<p>We are passionate about the Deglet Nour date from Algeria, and we have embarked on this project, it is a kind of return to the sources for us. Beyond the commercial side, there is a nature to preserve, people to feed healthily and an environment to safeguard.<\/p>\n<p>We cannot help but think of these thousands of women and men who live through and for phoeniciculture in the Algerian Sahara. Each date consumed in North America helps perpetuate ancestral know-how that we consider to be a heritage of all humanity.<\/p>\t\t\t\t\t\t\t\t<\/div>\n\t\t\t\t<\/div>\n\t\t\t\t\t<\/div>\n\t\t<\/div>\n\t\t\t\t\t<\/div>\n\t\t<\/section>\n\t\t\t\t<\/div>","protected":false},"excerpt":{"rendered":"<p>Qui sommes-nous \u00a0Fond\u00e9e en 2018 par un couple originaire d\u2019Alg\u00e9rie, Nassima et Benyoucef, MYDATTE est une compagnie sp\u00e9cialis\u00e9e dans l\u2019importation de dattes [&hellip;]<\/p>\n","protected":false},"author":1,"featured_media":591,"parent":0,"menu_order":0,"comment_status":"closed","ping_status":"closed","template":"","meta":{"iawp_total_views":294,"footnotes":""},"class_list":["post-4733","page","type-page","status-publish","has-post-thumbnail","hentry"],"yoast_head":"<!-- This site is optimized with the Yoast SEO plugin v27.4 - https:\/\/yoast.com\/product\/yoast-seo-wordpress\/ -->\n<title>A propos - MyDatte<\/title>\n<meta name=\"robots\" content=\"index, follow, max-snippet:-1, max-image-preview:large, max-video-preview:-1\" \/>\n<link rel=\"canonical\" href=\"https:\/\/mydatte.com\/en\/a-propos\/\" \/>\n<meta property=\"og:locale\" content=\"en_US\" \/>\n<meta property=\"og:type\" content=\"article\" \/>\n<meta property=\"og:title\" content=\"A propos - MyDatte\" \/>\n<meta property=\"og:description\" content=\"Qui sommes-nous \u00a0Fond\u00e9e en 2018 par un couple originaire d\u2019Alg\u00e9rie, Nassima et Benyoucef, MYDATTE est une compagnie sp\u00e9cialis\u00e9e dans l\u2019importation de dattes [&hellip;]\" \/>\n<meta property=\"og:url\" content=\"https:\/\/mydatte.com\/en\/a-propos\/\" \/>\n<meta property=\"og:site_name\" content=\"MyDatte\" \/>\n<meta property=\"article:modified_time\" content=\"2024-08-13T19:47:20+00:00\" \/>\n<meta name=\"twitter:card\" content=\"summary_large_image\" \/>\n<meta name=\"twitter:label1\" content=\"Est. reading time\" \/>\n\t<meta name=\"twitter:data1\" content=\"3 minutes\" \/>\n<script type=\"application\/ld+json\" class=\"yoast-schema-graph\">{\"@context\":\"https:\\\/\\\/schema.org\",\"@graph\":[{\"@type\":\"WebPage\",\"@id\":\"https:\\\/\\\/mydatte.com\\\/en\\\/a-propos\\\/\",\"url\":\"https:\\\/\\\/mydatte.com\\\/en\\\/a-propos\\\/\",\"name\":\"A propos - MyDatte\",\"isPartOf\":{\"@id\":\"https:\\\/\\\/mydatte.com\\\/#website\"},\"primaryImageOfPage\":{\"@id\":\"https:\\\/\\\/mydatte.com\\\/en\\\/a-propos\\\/#primaryimage\"},\"image\":{\"@id\":\"https:\\\/\\\/mydatte.com\\\/en\\\/a-propos\\\/#primaryimage\"},\"thumbnailUrl\":\"\",\"datePublished\":\"2022-11-05T15:12:16+00:00\",\"dateModified\":\"2024-08-13T19:47:20+00:00\",\"breadcrumb\":{\"@id\":\"https:\\\/\\\/mydatte.com\\\/en\\\/a-propos\\\/#breadcrumb\"},\"inLanguage\":\"en-CA\",\"potentialAction\":[{\"@type\":\"ReadAction\",\"target\":[\"https:\\\/\\\/mydatte.com\\\/en\\\/a-propos\\\/\"]}]},{\"@type\":\"ImageObject\",\"inLanguage\":\"en-CA\",\"@id\":\"https:\\\/\\\/mydatte.com\\\/en\\\/a-propos\\\/#primaryimage\",\"url\":\"\",\"contentUrl\":\"\"},{\"@type\":\"BreadcrumbList\",\"@id\":\"https:\\\/\\\/mydatte.com\\\/en\\\/a-propos\\\/#breadcrumb\",\"itemListElement\":[{\"@type\":\"ListItem\",\"position\":1,\"name\":\"Home\",\"item\":\"https:\\\/\\\/mydatte.com\\\/\"},{\"@type\":\"ListItem\",\"position\":2,\"name\":\"A propos\"}]},{\"@type\":\"WebSite\",\"@id\":\"https:\\\/\\\/mydatte.com\\\/#website\",\"url\":\"https:\\\/\\\/mydatte.com\\\/\",\"name\":\"MyDatte\",\"description\":\"Datte Biologique DEGLET NOUR d'Alg&eacute;rie\",\"potentialAction\":[{\"@type\":\"SearchAction\",\"target\":{\"@type\":\"EntryPoint\",\"urlTemplate\":\"https:\\\/\\\/mydatte.com\\\/?s={search_term_string}\"},\"query-input\":{\"@type\":\"PropertyValueSpecification\",\"valueRequired\":true,\"valueName\":\"search_term_string\"}}],\"inLanguage\":\"en-CA\"}]}<\/script>\n<!-- \/ Yoast SEO plugin. -->","yoast_head_json":{"title":"About - MyDatte","robots":{"index":"index","follow":"follow","max-snippet":"max-snippet:-1","max-image-preview":"max-image-preview:large","max-video-preview":"max-video-preview:-1"},"canonical":"https:\/\/mydatte.com\/en\/a-propos\/","og_locale":"en_US","og_type":"article","og_title":"A propos - MyDatte","og_description":"Qui sommes-nous \u00a0Fond\u00e9e en 2018 par un couple originaire d\u2019Alg\u00e9rie, Nassima et Benyoucef, MYDATTE est une compagnie sp\u00e9cialis\u00e9e dans l\u2019importation de dattes [&hellip;]","og_url":"https:\/\/mydatte.com\/en\/a-propos\/","og_site_name":"MyDatte","article_modified_time":"2024-08-13T19:47:20+00:00","twitter_card":"summary_large_image","twitter_misc":{"Est. reading time":"3 minutes"},"schema":{"@context":"https:\/\/schema.org","@graph":[{"@type":"WebPage","@id":"https:\/\/mydatte.com\/en\/a-propos\/","url":"https:\/\/mydatte.com\/en\/a-propos\/","name":"About - MyDatte","isPartOf":{"@id":"https:\/\/mydatte.com\/#website"},"primaryImageOfPage":{"@id":"https:\/\/mydatte.com\/en\/a-propos\/#primaryimage"},"image":{"@id":"https:\/\/mydatte.com\/en\/a-propos\/#primaryimage"},"thumbnailUrl":"","datePublished":"2022-11-05T15:12:16+00:00","dateModified":"2024-08-13T19:47:20+00:00","breadcrumb":{"@id":"https:\/\/mydatte.com\/en\/a-propos\/#breadcrumb"},"inLanguage":"en-CA","potentialAction":[{"@type":"ReadAction","target":["https:\/\/mydatte.com\/en\/a-propos\/"]}]},{"@type":"ImageObject","inLanguage":"en-CA","@id":"https:\/\/mydatte.com\/en\/a-propos\/#primaryimage","url":"","contentUrl":""},{"@type":"BreadcrumbList","@id":"https:\/\/mydatte.com\/en\/a-propos\/#breadcrumb","itemListElement":[{"@type":"ListItem","position":1,"name":"Home","item":"https:\/\/mydatte.com\/"},{"@type":"ListItem","position":2,"name":"A propos"}]},{"@type":"WebSite","@id":"https:\/\/mydatte.com\/#website","url":"https:\/\/mydatte.com\/","name":"MyDate","description":"Organic DEGLET NOUR Date from Algeria","potentialAction":[{"@type":"SearchAction","target":{"@type":"EntryPoint","urlTemplate":"https:\/\/mydatte.com\/?s={search_term_string}"},"query-input":{"@type":"PropertyValueSpecification","valueRequired":true,"valueName":"search_term_string"}}],"inLanguage":"en-CA"}]}},"_links":{"self":[{"href":"https:\/\/mydatte.com\/en\/wp-json\/wp\/v2\/pages\/4733","targetHints":{"allow":["GET"]}}],"collection":[{"href":"https:\/\/mydatte.com\/en\/wp-json\/wp\/v2\/pages"}],"about":[{"href":"https:\/\/mydatte.com\/en\/wp-json\/wp\/v2\/types\/page"}],"author":[{"embeddable":true,"href":"https:\/\/mydatte.com\/en\/wp-json\/wp\/v2\/users\/1"}],"replies":[{"embeddable":true,"href":"https:\/\/mydatte.com\/en\/wp-json\/wp\/v2\/comments?post=4733"}],"version-history":[{"count":12,"href":"https:\/\/mydatte.com\/en\/wp-json\/wp\/v2\/pages\/4733\/revisions"}],"predecessor-version":[{"id":5267,"href":"https:\/\/mydatte.com\/en\/wp-json\/wp\/v2\/pages\/4733\/revisions\/5267"}],"wp:featuredmedia":[{"embeddable":true,"href":"https:\/\/mydatte.com\/en\/wp-json\/"}],"wp:attachment":[{"href":"https:\/\/mydatte.com\/en\/wp-json\/wp\/v2\/media?parent=4733"}],"curies":[{"name":"wp","href":"https:\/\/api.w.org\/{rel}","templated":true}]}}